{"id":36,"date":"2023-11-22T05:49:58","date_gmt":"2023-11-22T05:49:58","guid":{"rendered":"https:\/\/jonaroncharities.org\/?page_id=36"},"modified":"2024-01-12T05:11:23","modified_gmt":"2024-01-12T05:11:23","slug":"terms-conditions","status":"publish","type":"page","link":"https:\/\/jonaroncharities.org\/de\/terms-conditions\/","title":{"rendered":"Gesch\u00e4ftsbedingungen"},"content":{"rendered":"\n<h3 class=\"wp-block-heading\">HAFTUNGSBESCHR\u00c4NKUNG<\/h3>\n\n\n\n<p>Dies ist die Website der Jonaron Charities Foundation. Die folgenden Hinweise gelten f\u00fcr alle Seiten und Unterseiten dieser Website. Personen, die auf diese Website zugreifen und sich dort informieren, erkl\u00e4ren sich mit den folgenden Bestimmungen einverstanden:<\/p>\n\n\n\n<p><\/p>\n\n\n\n<h4 class=\"wp-block-heading\">1.0 Auslastung<\/h4>\n\n\n\n<p>Die Jonaron Charities Foundation bem\u00fcht sich nach besten Kr\u00e4ften, den sicheren Betrieb der Website zu gew\u00e4hrleisten. Dennoch k\u00f6nnen M\u00e4ngel nicht ausgeschlossen werden. Aus diesem Grund erfolgt der Zugriff auf die Website auf eigene Gefahr und Verantwortung des Nutzers.<\/p>\n\n\n\n<p><\/p>\n\n\n\n<h4 class=\"wp-block-heading\">2.0 Haftungsausschluss<\/h4>\n\n\n\n<p>Die Jonaron Charities Foundation lehnt jede m\u00f6gliche Haftung f\u00fcr Sch\u00e4den oder Folgesch\u00e4den ab, die sich aus dem Zugriff auf ihre Website oder einzelne Teile davon (wie z. B. heruntergeladene Dokumente), deren Nutzung (oder die Unm\u00f6glichkeit des Zugriffs oder der Nutzung) oder Links zu anderen Websites ergeben.<\/p>\n\n\n\n<p><\/p>\n\n\n\n<h4 class=\"wp-block-heading\">3.0 Gew\u00e4hrleistungsausschluss<\/h4>\n\n\n\n<p>Die Jonaron Charities Foundation \u00fcbernimmt keinerlei Gew\u00e4hr f\u00fcr die Aktualit\u00e4t, Korrektheit, Vollst\u00e4ndigkeit oder Qualit\u00e4t der bereitgestellten Informationen. Haftungsanspr\u00fcche gegen die Jonaron Charities Foundation, die sich auf Sch\u00e4den materieller oder ideeller Art beziehen, die durch die Nutzung der bereitgestellten Informationen verursacht wurden, sind grunds\u00e4tzlich ausgeschlossen. Der Websitebetreiber beh\u00e4lt sich ausdr\u00fccklich das Recht vor, Teile der Seiten oder das gesamte Angebot ohne gesonderte Ank\u00fcndigung zu ver\u00e4ndern, zu erg\u00e4nzen oder zu l\u00f6schen.<\/p>\n\n\n\n<p><\/p>\n\n\n\n<h4 class=\"wp-block-heading\">4.0 Links<\/h4>\n\n\n\n<p>Die Website enth\u00e4lt eine Reihe von Links zu Websites Dritter. Die Jonaron Charities Foundation \u00fcbernimmt keine Verantwortung f\u00fcr den Inhalt, die darin enthaltenen Produkte oder Dienstleistungen oder sonstigen Angebote sowie f\u00fcr die Einhaltung der Datenschutzbestimmungen. Die Aktivierung der Links erfolgt auf eigene Gefahr des Nutzers.<\/p>\n\n\n\n<p><\/p>\n\n\n\n<p>WENN SIE DIESE BEDINGUNGEN NICHT AKZEPTIEREN, DANN NUTZEN SIE DIE WEBSITE NICHT.<\/p>\n","protected":false},"excerpt":{"rendered":"<p>HAFTUNGSBESCHR\u00c4NKUNG Dies ist die Website der Jonaron Charities Foundation. Die folgenden Hinweise gelten f\u00fcr alle Seiten und Unterseiten dieser Website. Personen, die auf diese Website zugreifen und sich dort informieren, erkl\u00e4ren sich mit den folgenden Bestimmungen einverstanden: 1.0 Auslastung Die Jonaron Charities Foundation bem\u00fcht sich nach besten Kr\u00e4ften, den sicheren Betrieb der Website zu gew\u00e4hrleisten. [&hellip;]<\/p>\n","protected":false},"author":1,"featured_media":0,"parent":0,"menu_order":0,"comment_status":"closed","ping_status":"closed","template":"","meta":{"_coblocks_attr":"","_coblocks_dimensions":"","_coblocks_responsive_height":"","_coblocks_accordion_ie_support":"","hide_page_title":"","footnotes":""},"class_list":["post-36","page","type-page","status-publish","hentry"],"translation":{"provider":"WPGlobus","version":"3.0.2","language":"de","enabled_languages":["en","de"],"languages":{"en":{"title":true,"content":true,"excerpt":false},"de":{"title":true,"content":true,"excerpt":false}}},"_links":{"self":[{"href":"https:\/\/jonaroncharities.org\/de\/wp-json\/wp\/v2\/pages\/36","targetHints":{"allow":["GET"]}}],"collection":[{"href":"https:\/\/jonaroncharities.org\/de\/wp-json\/wp\/v2\/pages"}],"about":[{"href":"https:\/\/jonaroncharities.org\/de\/wp-json\/wp\/v2\/types\/page"}],"author":[{"embeddable":true,"href":"https:\/\/jonaroncharities.org\/de\/wp-json\/wp\/v2\/users\/1"}],"replies":[{"embeddable":true,"href":"https:\/\/jonaroncharities.org\/de\/wp-json\/wp\/v2\/comments?post=36"}],"version-history":[{"count":4,"href":"https:\/\/jonaroncharities.org\/de\/wp-json\/wp\/v2\/pages\/36\/revisions"}],"predecessor-version":[{"id":239,"href":"https:\/\/jonaroncharities.org\/de\/wp-json\/wp\/v2\/pages\/36\/revisions\/239"}],"wp:attachment":[{"href":"https:\/\/jonaroncharities.org\/de\/wp-json\/wp\/v2\/media?parent=36"}],"curies":[{"name":"wp","href":"https:\/\/api.w.org\/{rel}","templated":true}]}}