{"id":32,"date":"2023-11-22T05:48:57","date_gmt":"2023-11-22T05:48:57","guid":{"rendered":"https:\/\/jonaroncharities.org\/?page_id=32"},"modified":"2025-07-01T15:22:36","modified_gmt":"2025-07-01T15:22:36","slug":"charitable-funding","status":"publish","type":"page","link":"https:\/\/jonaroncharities.org\/de\/charitable-funding\/","title":{"rendered":"Gemeinn\u00fctzige Finanzierung"},"content":{"rendered":"\n<div class=\"wp-block-columns alignwide is-layout-flex wp-container-core-columns-is-layout-9d6595d7 wp-block-columns-is-layout-flex\">\n<div class=\"wp-block-column is-layout-flow wp-block-column-is-layout-flow\" style=\"flex-basis:50%\">\n<p><\/p>\n\n\n\n<h2 class=\"wp-block-heading\">Zuschussprogramm der Jonaron Charities Foundation<\/h2>\n\n\n\n<p>Die Jonaron Charities Foundation stellt qualifizierten Organisationen in Ostafrika (derzeit Schwerpunkt auf Kenia und Uganda), Malaysia und Singapur gemeinn\u00fctzige Mittel zur Verf\u00fcgung. Dar\u00fcber hinaus m\u00fcssen Bewerber von jemandem innerhalb unserer Organisation oder einem bestehenden Wohlt\u00e4tigkeitspartner empfohlen werden und von unseren regionalen Au\u00dfendienstmitarbeitern vorab gepr\u00fcft werden, bevor wir Einladungen zur Beantragung unserer Gro\u00dfzuschussfinanzierung pr\u00fcfen k\u00f6nnen.<\/p>\n<\/div>\n\n\n\n<div class=\"wp-block-column is-layout-flow wp-block-column-is-layout-flow\" style=\"flex-basis:50%\">\n<div aria-label=\"Carousel Gallery\" class=\"wp-block-coblocks-gallery-carousel\"><div class=\"coblocks-gallery-carousel-swiper-container is-cropped coblocks-gallery has-no-alignment has-caption-style-dark has-horizontal-gutter has-no-thumbnails\"><div class=\"has-carousel has-carousel-xlrg swiper-container\" data-swiper=\"{&quot;alignCells&quot;:false,&quot;autoPlay&quot;:true,&quot;autoPlaySpeed&quot;:3000,&quot;draggable&quot;:true,&quot;freeMode&quot;:false,&quot;loop&quot;:true,&quot;navigation&quot;:true,&quot;pageDots&quot;:false,&quot;pauseHover&quot;:false,&quot;responsiveHeight&quot;:false,&quot;slidesPerView&quot;:1,&quot;thumbnails&quot;:false,&quot;uuid&quot;:&quot;12345&quot;}\" style=\"height:400px\"><div class=\"swiper-wrapper\"><div class=\"swiper-slide\"><div class=\"coblocks-gallery--item\" role=\"button\" tabindex=\"0\"><figure class=\"coblocks-gallery--figure has-margin-left-5 has-margin-left-mobile-5 has-margin-right-5 has-margin-right-mobile-5\"><img loading=\"lazy\" decoding=\"async\" width=\"180\" height=\"320\" alt=\"\" class=\"wp-image-107\" data-id=\"107\" data-link=\"https:\/\/jonaroncharities.org\/charitable-funding\/img_20160819_135907942\/\" src=\"https:\/\/jonaroncharities.org\/wp-content\/uploads\/2023\/11\/IMG_20160819_135907942.jpg\" srcset=\"https:\/\/jonaroncharities.org\/wp-content\/uploads\/2023\/11\/IMG_20160819_135907942.jpg 180w, https:\/\/jonaroncharities.org\/wp-content\/uploads\/2023\/11\/IMG_20160819_135907942-169x300.jpg 169w\" sizes=\"auto, (max-width: 180px) 100vw, 180px\" \/><\/figure><figcaption class=\"coblocks-gallery--caption coblocks-gallery--primary-caption\"><\/figcaption><\/div><\/div><div class=\"swiper-slide\"><div class=\"coblocks-gallery--item\" role=\"button\" tabindex=\"1\"><figure class=\"coblocks-gallery--figure has-margin-left-5 has-margin-left-mobile-5 has-margin-right-5 has-margin-right-mobile-5\"><img loading=\"lazy\" decoding=\"async\" width=\"769\" height=\"1024\" alt=\"\" class=\"wp-image-108\" data-id=\"108\" data-link=\"https:\/\/jonaroncharities.org\/charitable-funding\/img_4247\/\" src=\"https:\/\/jonaroncharities.org\/wp-content\/uploads\/2023\/11\/IMG_4247-769x1024.jpg\" srcset=\"https:\/\/jonaroncharities.org\/wp-content\/uploads\/2023\/11\/IMG_4247-769x1024.jpg 769w, https:\/\/jonaroncharities.org\/wp-content\/uploads\/2023\/11\/IMG_4247-225x300.jpg 225w, https:\/\/jonaroncharities.org\/wp-content\/uploads\/2023\/11\/IMG_4247-768x1023.jpg 768w, https:\/\/jonaroncharities.org\/wp-content\/uploads\/2023\/11\/IMG_4247-1153x1536.jpg 1153w, https:\/\/jonaroncharities.org\/wp-content\/uploads\/2023\/11\/IMG_4247.jpg 1537w\" sizes=\"auto, (max-width: 769px) 100vw, 769px\" \/><\/figure><figcaption class=\"coblocks-gallery--caption coblocks-gallery--primary-caption\"><\/figcaption><\/div><\/div><div class=\"swiper-slide\"><div class=\"coblocks-gallery--item\" role=\"button\" tabindex=\"2\"><figure class=\"coblocks-gallery--figure has-margin-left-5 has-margin-left-mobile-5 has-margin-right-5 has-margin-right-mobile-5\"><img loading=\"lazy\" decoding=\"async\" width=\"756\" height=\"1024\" alt=\"\" class=\"wp-image-168\" data-id=\"168\" data-link=\"https:\/\/jonaroncharities.org\/charitable-funding\/sjhep-physio-1280w\/\" src=\"https:\/\/jonaroncharities.org\/wp-content\/uploads\/2023\/12\/SJHEP-Physio-1280w-756x1024.jpg\" srcset=\"https:\/\/jonaroncharities.org\/wp-content\/uploads\/2023\/12\/SJHEP-Physio-1280w-756x1024.jpg 756w, https:\/\/jonaroncharities.org\/wp-content\/uploads\/2023\/12\/SJHEP-Physio-1280w-222x300.jpg 222w, https:\/\/jonaroncharities.org\/wp-content\/uploads\/2023\/12\/SJHEP-Physio-1280w-768x1040.jpg 768w, https:\/\/jonaroncharities.org\/wp-content\/uploads\/2023\/12\/SJHEP-Physio-1280w-1134x1536.jpg 1134w, https:\/\/jonaroncharities.org\/wp-content\/uploads\/2023\/12\/SJHEP-Physio-1280w.jpg 1280w\" sizes=\"auto, (max-width: 756px) 100vw, 756px\" \/><\/figure><figcaption class=\"coblocks-gallery--caption coblocks-gallery--primary-caption\"><\/figcaption><\/div><\/div><\/div><button class=\"nav-button__prev\" id=\"12345-prev\"><svg class=\"icon\" style=\"transform:rotate(180deg)\"><\/svg><\/button><button class=\"nav-button__next\" id=\"12345-next\"><svg class=\"icon\"><\/svg><\/button><\/div><\/div><\/div>\n<\/div>\n<\/div>\n\n\n\n<h3 class=\"wp-block-heading\">F\u00f6rderrichtlinien<\/h3>\n\n\n\n<p>Organisationen, die an unserem Major Grant Funding-Programm teilnehmen m\u00f6chten, m\u00fcssen die folgenden Richtlinien einhalten:<\/p>\n\n\n\n<ul class=\"wp-block-list\">\n<li>Das Antragsverfahren f\u00fcr Gro\u00dfzusch\u00fcsse der Jonaron Charities Foundation ist derzeit online (webbasiert). F\u00f6rderf\u00e4hige Wohlt\u00e4tigkeitsorganisationen, die unsere vorl\u00e4ufige Pr\u00fcfung bestanden haben (z. B. Besuch eines Teammitglieds und\/oder Au\u00dfendienstmitarbeiters der Jonaron Charities Foundation oder andere Due-Diligence-Pr\u00fcfungen), erhalten eine private URL (Webadresse), unter der sie online einen formellen F\u00f6rderantrag einreichen k\u00f6nnen. Der Online-Zuschussantrag muss vollst\u00e4ndig mit den erforderlichen Belegen ausgef\u00fcllt werden, bevor eine wichtige Finanzierungsentscheidung getroffen wird.<\/li>\n\n\n\n<li>Der Antragsteller muss eine gemeinn\u00fctzige Organisation sein, die haupts\u00e4chlich in Ostafrika, Malaysia und Singapur f\u00fcr die folgenden benachteiligten Bev\u00f6lkerungsgruppen t\u00e4tig ist: f\u00fcr k\u00f6rperlich Behinderte, Hungrige und Obdachlose, ausgegrenzte Arme, Kranke, \u00c4ltere und Gebrechliche sowie Waisen und verlassene Kinder. Als besondere \u00dcberlegung haben ausgew\u00e4hlte christliche Hilfsorganisationen \u00fcberall in Asien oder Afrika Anspruch auf eine Finanzierung und zus\u00e4tzlich auf eine wohlt\u00e4tige Finanzierung von Drogenrehabilitations- und\/oder HIV\/AIDS-Programmen.<\/li>\n\n\n\n<li>Die antragstellende Organisation muss gut gef\u00fchrt und effizient sein und darf hinsichtlich ihrer Finanzierung nicht zu stark von der Stiftung abh\u00e4ngig sein. Jede Organisation muss die Stiftung davon \u00fcberzeugen, dass der Betrieb der Wohlt\u00e4tigkeitsorganisation l\u00e4ngerfristig ohne Finanzierung durch die Stiftung aufrechterhalten werden kann. Wiederholte Antragsteller \u00fcber einen Zeitraum von 3 bis 5 Jahren sollten darauf abzielen, dass die Spenden der Stiftung weniger als 25 % ihrer Gesamtfinanzierung f\u00fcr wiederkehrende oder betriebliche Ausgaben ausmachen. Als Sonderfall kann die Stiftung eine gr\u00f6\u00dfere Kapital- oder Bauprojektfinanzierung bis zu einem Schwellenwert von 50 % in Betracht ziehen (d. h. eine Dollar-f\u00fcr-Dollar-Spende in gleicher H\u00f6he).<\/li>\n\n\n\n<li>Es m\u00fcssen anerkannte Wohlt\u00e4tigkeitsorganisationen sein, die bei den \u00f6rtlichen Aufsichtsbeh\u00f6rden registriert sind, alle \u00f6rtlichen steuerlichen und gesetzlichen Anforderungen erf\u00fcllen und in der Lage sein, gepr\u00fcfte Jahresabschl\u00fcsse f\u00fcr mindestens drei Jahre vorzulegen.<\/li>\n\n\n\n<li>Sie d\u00fcrfen nicht bereits erhebliche staatliche Mittel erhalten (d. h. mehr als 50 % ihrer Gesamtfinanzierung pro Gesch\u00e4ftsjahr), d\u00fcrfen nicht eng mit Regierungsbeh\u00f6rden verbunden sein, von der Regierung eines Landes verwaltet werden oder eng mit einer politischen Partei oder Organisation verbunden sein politische Agenden.<\/li>\n\n\n\n<li>Antragsteller d\u00fcrfen keine Finanzierung f\u00fcr dieselben Projekte oder Ausgaben beantragen, die durch fr\u00fchere Finanzierungsantr\u00e4ge oder durch andere Finanzierungsquellen abgedeckt wurden (d. h. es d\u00fcrfen keine Doppelungen oder \u00dcberschneidungen erfolgen).<\/li>\n\n\n\n<li>Online-Zuschussantr\u00e4ge werden das ganze Jahr \u00fcber angenommen und gepr\u00fcft. Wenn Ihr F\u00f6rderantrag bestimmte Bedingungen erf\u00fcllt und f\u00fcr die Standardpr\u00fcfung und -genehmigung qualifiziert, kann er innerhalb von 4 bis 8 Wochen bearbeitet und eine F\u00f6rderentscheidung getroffen werden. Sie werden benachrichtigt, wenn Ihr Zuschuss innerhalb dieses Standardzeitraums angenommen oder abgelehnt wird oder wenn zus\u00e4tzliche Pr\u00fcfungsstufen erforderlich sind, die einige weitere Monate dauern k\u00f6nnen.<\/li>\n<\/ul>\n\n\n\n<p>Wenn Sie glauben, dass Ihre Organisation qualifiziert ist und f\u00fcr eine Finanzierung durch die Jonaron Charities Foundation in Betracht gezogen werden m\u00f6chte, k\u00f6nnen Sie unser Kontaktformular verwenden, indem Sie auf die Schaltfl\u00e4che unten klicken, um eine Anfrage zu stellen. M\u00f6glicherweise erhalten Sie jedoch nur dann eine Antwort, wenn wir der Meinung sind, dass Ihre Organisation alle unsere Wohlt\u00e4tigkeitsrichtlinien erf\u00fcllt und gut zu uns passt, sodass eine Nachverfolgung durch eines unserer Teammitglieder und\/oder Au\u00dfendienstmitarbeiter erforderlich ist.<\/p>\n\n\n\n<p><\/p>\n\n\n\n<div class=\"wp-block-buttons is-layout-flex wp-block-buttons-is-layout-flex\">\n<div class=\"wp-block-button\"><a class=\"wp-block-button__link wp-element-button\" href=\"https:\/\/jonaroncharities.org\/contact\/\" rel=\"\">kontaktiere uns<\/a><\/div>\n<\/div>\n\n\n\n<h3 class=\"wp-block-heading\">Aktuelle oder fr\u00fchere Stipendiaten:<\/h3>\n\n\n\n<p>Daughters of the Sacred Heart<\/p>\n\n\n\n<p><a href=\"http:\/\/www.hch-fmsa.org\/\">Hands of Care and Hope FMSA<\/a><\/p>\n\n\n\n<p><a href=\"http:\/\/www.keshokenya.org\/\">Kesho Kenya<\/a><\/p>\n\n\n\n<p><a href=\"https:\/\/www.newlifehometrust.org\/\">New Life Home Trust<\/a><\/p>\n\n\n\n<p>Sacred Heart Girls Secondary School<\/p>\n\n\n\n<p><a href=\"http:\/\/www.stjohneldershome.org.sg\/\">St. John\u2019s Home for Elderly Persons<\/a><\/p>\n\n\n\n<p><a href=\"https:\/\/tanariverlife.wordpress.com\/\">Tana River Life Foundation<\/a><\/p>\n\n\n\n<p><a href=\"https:\/\/www.kidsleaguekenya.org\/\">The Kids League Charitable Trust<\/a><\/p>\n\n\n\n<p><a href=\"http:\/\/www.upendokenya.org\/\">Upendo Orphans Support Project<\/a><\/p>\n\n\n\n<figure class=\"wp-block-image alignfull size-large\"><img loading=\"lazy\" decoding=\"async\" width=\"1024\" height=\"303\" src=\"https:\/\/jonaroncharities.org\/wp-content\/uploads\/2023\/12\/HCH-FMSA-SchoolPlayTime-2160x680-1-1024x303.jpg\" alt=\"\" class=\"wp-image-181\" srcset=\"https:\/\/jonaroncharities.org\/wp-content\/uploads\/2023\/12\/HCH-FMSA-SchoolPlayTime-2160x680-1-1024x303.jpg 1024w, https:\/\/jonaroncharities.org\/wp-content\/uploads\/2023\/12\/HCH-FMSA-SchoolPlayTime-2160x680-1-300x89.jpg 300w, https:\/\/jonaroncharities.org\/wp-content\/uploads\/2023\/12\/HCH-FMSA-SchoolPlayTime-2160x680-1-768x228.jpg 768w, https:\/\/jonaroncharities.org\/wp-content\/uploads\/2023\/12\/HCH-FMSA-SchoolPlayTime-2160x680-1-1536x455.jpg 1536w, https:\/\/jonaroncharities.org\/wp-content\/uploads\/2023\/12\/HCH-FMSA-SchoolPlayTime-2160x680-1-2048x607.jpg 2048w\" sizes=\"auto, (max-width: 1024px) 100vw, 1024px\" \/><\/figure>\n","protected":false},"excerpt":{"rendered":"<p>Zuschussprogramm der Jonaron Charities Foundation Die Jonaron Charities Foundation stellt qualifizierten Organisationen in Ostafrika (derzeit Schwerpunkt auf Kenia und Uganda), Malaysia und Singapur gemeinn\u00fctzige Mittel zur Verf\u00fcgung. Dar\u00fcber hinaus m\u00fcssen Bewerber von jemandem innerhalb unserer Organisation oder einem bestehenden Wohlt\u00e4tigkeitspartner empfohlen werden und von unseren regionalen Au\u00dfendienstmitarbeitern vorab gepr\u00fcft werden, bevor wir Einladungen zur Beantragung [&hellip;]<\/p>\n","protected":false},"author":1,"featured_media":0,"parent":0,"menu_order":1,"comment_status":"closed","ping_status":"closed","template":"","meta":{"_coblocks_attr":"","_coblocks_dimensions":"","_coblocks_responsive_height":"","_coblocks_accordion_ie_support":"","hide_page_title":"","footnotes":""},"class_list":["post-32","page","type-page","status-publish","hentry"],"translation":{"provider":"WPGlobus","version":"3.0.2","language":"de","enabled_languages":["en","de"],"languages":{"en":{"title":true,"content":true,"excerpt":false},"de":{"title":true,"content":true,"excerpt":false}}},"_links":{"self":[{"href":"https:\/\/jonaroncharities.org\/de\/wp-json\/wp\/v2\/pages\/32","targetHints":{"allow":["GET"]}}],"collection":[{"href":"https:\/\/jonaroncharities.org\/de\/wp-json\/wp\/v2\/pages"}],"about":[{"href":"https:\/\/jonaroncharities.org\/de\/wp-json\/wp\/v2\/types\/page"}],"author":[{"embeddable":true,"href":"https:\/\/jonaroncharities.org\/de\/wp-json\/wp\/v2\/users\/1"}],"replies":[{"embeddable":true,"href":"https:\/\/jonaroncharities.org\/de\/wp-json\/wp\/v2\/comments?post=32"}],"version-history":[{"count":34,"href":"https:\/\/jonaroncharities.org\/de\/wp-json\/wp\/v2\/pages\/32\/revisions"}],"predecessor-version":[{"id":287,"href":"https:\/\/jonaroncharities.org\/de\/wp-json\/wp\/v2\/pages\/32\/revisions\/287"}],"wp:attachment":[{"href":"https:\/\/jonaroncharities.org\/de\/wp-json\/wp\/v2\/media?parent=32"}],"curies":[{"name":"wp","href":"https:\/\/api.w.org\/{rel}","templated":true}]}}