{"id":3,"date":"2023-10-30T16:34:12","date_gmt":"2023-10-30T16:34:12","guid":{"rendered":"https:\/\/jonaroncharities.org\/?page_id=3"},"modified":"2025-03-05T04:26:15","modified_gmt":"2025-03-05T04:26:15","slug":"privacy-policy","status":"publish","type":"page","link":"https:\/\/jonaroncharities.org\/de\/privacy-policy\/","title":{"rendered":"datenschutzrichtlinie"},"content":{"rendered":"\n<h2 class=\"wp-block-heading\">Datenschutzrichtlinie<\/h2>\n\n\n\n<p><strong>Zuletzt aktualisiert: Februar 2025<\/strong><\/p>\n\n\n\n<p><br>Der Schutz Ihrer pers\u00f6nlichen Daten ist uns ein wichtiges Anliegen. Wir verarbeiten Ihre Daten ausschlie\u00dflich in \u00dcbereinstimmung mit der europ\u00e4ischen Datenschutz-Grundverordnung (DSGVO) und dem liechtensteinischen Datenschutzgesetz (DSG) sowie anderen anwendbaren Datenschutzgesetzen. Diese Datenschutzrichtlinie erl\u00e4utert, wie wir Ihre pers\u00f6nlichen Daten sammeln, verwenden und sch\u00fctzen, wenn Sie unsere Webseite besuchen oder \u00fcber soziale Medien, mobile Anwendungen oder andere webbasierte Dienste mit uns kommunizieren.<\/p>\n\n\n\n<p><\/p>\n\n\n\n<p>Diese Datenschutzerkl\u00e4rung gilt f\u00fcr die Webseite der Jonaron Charities Foundation (www.jonaroncharities.org), angeschlossene Plattformen (jonaronfoundation.submittable.com) und alle damit verbundenen Dienste, Veranstaltungen und Funktionen (zusammen unsere \u201eDienste\u201c). Wir behalten uns das Recht vor, diese Datenschutzerkl\u00e4rung zu aktualisieren, um den gesetzlichen Anforderungen zu entsprechen oder \u00c4nderungen unserer Datenverarbeitung zu ber\u00fccksichtigen. Alle Aktualisierungen werden auf unserer Webseite publiziert.<\/p>\n\n\n\n<p><\/p>\n\n\n\n<h2 class=\"wp-block-heading\">1.0 \u00dcBERBLICK<\/h2>\n\n\n\n<p>In diesem Abschnitt finden Sie einen \u00dcberblick dar\u00fcber, was mit Ihren personenbezogenen Daten geschieht, wenn Sie sich entscheiden, Kontakt mit uns aufzunehmen oder einen Antrag auf Finanzierung einer Wohlt\u00e4tigkeitsorganisation zu stellen.<\/p>\n\n\n\n<p><\/p>\n\n\n\n<h3 class=\"wp-block-heading\">1.1 Verantwortlicher und Datenschutzbeauftragter<\/h3>\n\n\n\n<p>Verantwortlicher f\u00fcr die Datenverarbeitung ist das Allgemeine Treuunternehmen, Aeulestrasse 5, 9490 Vaduz als Vertreter der Jonaron Charities Foundation.<br>Der Kontakt zum Datenschutzbeauftragten der Jonaron Charities Foundation lautet:<\/p>\n\n\n\n<p><a href=\"mailto:datenschutzbeauftragter@atu.li\">datenschutzbeauftragter @ atu.li<\/a> .<\/p>\n\n\n\n<p><\/p>\n\n\n\n<h3 class=\"wp-block-heading\">1.2 Datenerfassung auf unserer Webseite<\/h3>\n\n\n\n<h4 class=\"wp-block-heading\">1.2.1 Wie erheben wir Ihre Daten?<\/h4>\n\n\n\n<p>Ihre Daten werden zum einen dadurch erhoben, dass Sie uns diese mitteilen. Hierbei kann es sich z.B. um Daten handeln, die Sie in ein Kontaktformular eingeben.<br>\u2022 Direkt von Ihnen: Wenn Sie diese \u00fcber Kontaktformulare, Registrierungen oder andere Interaktionen angeben (Nach- und Vorname, E-Mail)<br>\u2022 Automatisch: Beim Besuch unserer Webseite werden bestimmte technische Daten erfasst (z. B. IP-Adresse, Browsertyp, Betriebssystem).<\/p>\n\n\n\n<p><\/p>\n\n\n\n<h4 class=\"wp-block-heading\">1.2.2 Warum erheben wir Ihre Daten?<\/h4>\n\n\n\n<p>\u2022 Bereitstellung und Sicherung unserer Webseite.<br>\u2022 Zur Analyse und Verbesserung der Leistung unserer Dienste.<br>\u2022 Zur Bearbeitung von Unterst\u00fctzungsgesuche und Beantwortung von Anfragen.<br>\u2022 Zur Erf\u00fcllung gesetzlicher Verpflichtungen nach dem liechtensteinischen DSG und der DSGVO.<\/p>\n\n\n\n<p><\/p>\n\n\n\n<h4 class=\"wp-block-heading\">1.2.3 Welche Rechte haben Sie bez\u00fcglich Ihrer Daten?<\/h4>\n\n\n\n<p>Nach der DSGVO und dem liechtensteinischen DSG stehen Ihnen folgende Rechte zu:<br>\u2022 <strong>Auskunftsrecht (Art. 15 DSGVO &amp; Art. 25 DSG)<\/strong> \u2013 Sie k\u00f6nnen eine Kopie Ihrer personenbezogenen Daten anfordern, die wir verarbeitet haben.<br>\u2022 <strong>Recht auf Berichtigung (Art. 16 DSGVO &amp; Art. 26 DSG)<\/strong> \u2013 Sie k\u00f6nnen verlangen, dass Ihre Daten richtig und vollst\u00e4ndig sind<br>\u2022 <strong>Recht auf L\u00f6schung (Art. 17 DSGVO &amp; Art. 27 DSG)<\/strong> \u2013 Sie k\u00f6nnen unter bestimmten Voraussetzungen die L\u00f6schung Ihrer Daten verlangen (\u201eRecht auf Vergessen werden\u201c).<br>\u2022 <strong>Recht auf Einschr\u00e4nkung der Verarbeitung (Art. 18 DSGVO &amp; Art. 28 DSG)<\/strong> \u2013 Sie k\u00f6nnen verlangen, dass die Verarbeitung Ihrer Daten eingeschr\u00e4nkt ist.<br>\u2022 <strong>Widerspruchsrecht (Art. 21 DSGVO &amp; Art. 29 DSG)<\/strong> \u2013 Widerspruch gegen die Verarbeitung, insbesondere f\u00fcr Zwecke der Direktwerbung.<br>\u2022 <strong>Recht auf Daten\u00fcbertragbarkeit (Art. 20 DSGVO &amp; Art. 30 DSG)<\/strong> \u2013 Sie haben das Recht \u00fcber die \u00dcbertragung Ihrer Daten an sich selbst oder einen anderen Anbieter.<\/p>\n\n\n\n<p><\/p>\n\n\n\n<h2 class=\"wp-block-heading\">2.0 ALLGEMEINE INFORMATIONEN UND RECHTSGRUNDLAGEN<\/h2>\n\n\n\n<h3 class=\"wp-block-heading\">2.1 Datensicherheit<\/h3>\n\n\n\n<p>Wir setzen technische und organisatorische Sicherheitsma\u00dfnahmen ein, um Ihre Daten vor Verlust, Manipulation und unberechtigtem Zugriff zu sch\u00fctzen. Unsere Webseite nutzt eine SSL-\/TLS-Verschl\u00fcsselung, zu erkennen an der URL-Angabe \u201ehttps:\/\/\u201c und einem Schloss-Symbol in der Adressleiste Ihres Browsers.<\/p>\n\n\n\n<p><\/p>\n\n\n\n<h3 class=\"wp-block-heading\">2.2 Rechtm\u00e4ssigkeit der Datenverarbeitung<\/h3>\n\n\n\n<p>Wir verarbeiten Ihre Daten auf Grundlage folgender Rechtsgrundlagen:<br>\u2022 <strong>Einwilligung (Art. 6 Abs. 1 lit. a DSGVO &amp; Art. 14 Abs. 1 lit. a DSG)<\/strong> \u2013 Wenn Sie ausdr\u00fccklich eingewilligt haben.<br>\u2022 <strong>Erf\u00fcllung eines Vertrags (Art. 6 Abs. 1 lit. b DSGVO &amp; Art. 14 Abs. 1 lit. b DSG)<\/strong> \u2013 Wenn die Verarbeitung zur Vertragserf\u00fcllung erforderlich ist.<br>\u2022 <strong>Gesetzliche Grundlage (Art. 6 Abs. 1 lit. c DSGVO &amp; Art. 14 Abs. 1 lit. c DSG)<\/strong> \u2013 Wenn die Verarbeitung gesetzlich vorgeschrieben ist.<br>\u2022 <strong>Berechtigtes Interesse (Art. 6 Abs. 1 lit. f DSGVO &amp; Art. 14 Abs. 1 lit. f DSG)<\/strong> \u2013 Wenn die Verarbeitung zur Erf\u00fcllung der Stiftungszwecke erforderlich ist und Ihre Rechte diese Interessen nicht \u00fcberwiegen.<\/p>\n\n\n\n<p><\/p>\n\n\n\n<h3 class=\"wp-block-heading\">2.3 Verarbeitung personenbezogener Daten durch Mitarbeiter der Stiftung<\/h3>\n\n\n\n<p>Zur Umsetzung der satzungsgem\u00e4\u00dfen Stiftungszwecke verarbeiten die Mitarbeiterinnen und Mitarbeiter der Stiftung personenbezogene Daten. Diese Datenverarbeitung erfolgt zum Zweck der Pr\u00fcfung und Entscheidung \u00fcber die Vergabe von F\u00f6rdermitteln.<\/p>\n\n\n\n<p><\/p>\n\n\n\n<p>Die Mitarbeiter der Stiftung verarbeiten personenbezogene Daten in eigener Verantwortung und unter Beachtung der geltenden datenschutzrechtlichen Vorschriften.<\/p>\n\n\n\n<p><\/p>\n\n\n\n<p>Rechtsgrundlagen dieser Verarbeitung sind Art. 6 Abs. 1 lit. f) DSGVO (berechtigtes Interesse der Stiftung an einer ordnungsgem\u00e4\u00dfen Verwaltung) sowie Art. 6 Abs. 1 lit. c) DSGVO (gesetzliche Verpflichtungen der Stiftung).<\/p>\n\n\n\n<p><\/p>\n\n\n\n<h3 class=\"wp-block-heading\">2.4 Widerruf der Einwilligung<\/h3>\n\n\n\n<p>Sofern wir Ihre Daten auf Grundlage einer Einwilligung verarbeiten, k\u00f6nnen Sie diese jederzeit mit Wirkung f\u00fcr die Zukunft widerrufen, indem Sie uns kontaktieren. Die Rechtm\u00e4\u00dfigkeit der vor dem Widerruf erfolgten Verarbeitung bleibt hiervon unber\u00fchrt.<\/p>\n\n\n\n<p><\/p>\n\n\n\n<h2 class=\"wp-block-heading\">3.0 Datenerfassung auf unserer Webseite<\/h2>\n\n\n\n<h3 class=\"wp-block-heading\">3.1 Cookies<\/h3>\n\n\n\n<p>Unsere Webseite verwendet Cookies, um die Benutzerfreundlichkeit zu verbessern. Sie k\u00f6nnen Ihre Browsereinstellungen so konfigurieren, dass Cookies jederzeit blockiert oder gel\u00f6scht werden:<br>\u2022 Unbedingt erforderliche Cookies: Erforderlich f\u00fcr die Funktionalit\u00e4t der Webseite.<br>\u2022 Analyse- und Tracking-Cookies: Werden zur Leistungsanalyse und Frequenzmessung verwendet.<br>Sie k\u00f6nnen Ihre Einwilligung f\u00fcr nicht unbedingt erforderliche Cookies jederzeit widerrufen.<\/p>\n\n\n\n<p><\/p>\n\n\n\n<h3 class=\"wp-block-heading\">3.2 Server-Logdateien<\/h3>\n\n\n\n<p>Wenn Sie unsere Webseite besuchen, speichern wir automatisch bestimmte technische Informationen:<br>\u2022 Browsertyp und Browserversion<br>\u2022 Betriebssystem<br>\u2022 Referrer URL<br>\u2022 Datum und Uhrzeit des Zugriffs<br>\u2022 IP-Adresse (anonymisiert)<br>Diese Daten werden f\u00fcr Sicherheitszwecke und zur Wartung der Webseite verwendet und nicht mit anderen Datenquellen zusammengef\u00fchrt.<\/p>\n\n\n\n<p><\/p>\n\n\n\n<h3 class=\"wp-block-heading\">3.3 Kontaktformular<\/h3>\n\n\n\n<p>Wenn Sie per Kontaktformular mit uns in Kontakt treten, werden die von Ihnen angegebenen Daten ausschlie\u00dflich zur Beantwortung Ihrer Anfrage verarbeitet. Die Verarbeitung erfolgt auf Grundlage Ihrer Einwilligung (Art. 6 Abs. 1 lit. a DSGVO &amp; Art. 14 Abs. 1 lit. a DSG). Ihre Einwilligung k\u00f6nnen Sie jederzeit widerrufen.<\/p>\n\n\n\n<p><\/p>\n\n\n\n<h3 class=\"wp-block-heading\">3.4 Benutzerregistrierung<\/h3>\n\n\n\n<p>F\u00fcr bestimmte Dienste (z.B. Unterst\u00fctzungsantr\u00e4ge) ist eine Benutzerregistrierung erforderlich. Die daf\u00fcr erforderlichen personenbezogenen Daten werden ausschlie\u00dflich f\u00fcr den angegebenen Zweck erhoben und verwendet.<\/p>\n\n\n\n<p><\/p>\n\n\n\n<h2 class=\"wp-block-heading\">4.0 Datenweitergabe und Verarbeitung durch Dritte<\/h2>\n\n\n\n<h3 class=\"wp-block-heading\">4.1 Datenverarbeitung durch Dritte<\/h3>\n\n\n\n<p>Wir geben Ihre Daten nur dann an Dritte weiter, wenn:<br>\u2022 Die Verarbeitung f\u00fcr die Erf\u00fcllung eines Vertrages erforderlich ist (Art. 6 Abs. 1 lit. b DSGVO &amp; Art. 14 Abs. 1 lit. b DSG).<br>\u2022 Eine gesetzliche Verpflichtung vorliegt (Art. 6 Abs. 1 lit. c DSGVO &amp; Art. 14 Abs. 1 lit. c DSG).<br>\u2022 Sie eingewilligt haben (Art. 6 Abs. 1 lit. a DSGVO &amp; Art. 14 Abs. 1 lit. a DSG).<br>\u2022 Es in unserem berechtigten Interesse liegt (Art. 6 Abs. 1 lit. f DSGVO &amp; Art. 14 Abs. 1 lit. f DSG), etwa in der Gew\u00e4hrleistung der Sicherheit der Webseite.<\/p>\n\n\n\n<p><\/p>\n\n\n\n<h4 class=\"wp-block-heading\">4.1.1 Verarbeitung personenbezogener Daten durch externe Dienstleister<\/h4>\n\n\n\n<p>Insbesondere verwenden wir einen Drittanbieterdienst unter jonaron.submittable.com, der von Submittable Holdings, Inc. (\u201eSubmittable\u201c) betrieben wird, um Unterst\u00fctzungsgesuche zu bearbeiten. Bitte lesen Sie hierzu die Datenschutzerkl\u00e4rung von Submittable Webseite die hier zug\u00e4nglich sind: <a href=\"https:\/\/www.submittable.com\/privacy\/\">https:\/\/www.submittable.com\/privacy\/<\/a><\/p>\n\n\n\n<p><\/p>\n\n\n\n<p>Wir nutzen auch Cloudbasierte Dienste zur Speicherung und Verarbeitung personenbezogener Daten, insbesondere Microsoft 365 (OneDrive, Outlook, Sharepoint usw.) und GoDaddy Managed WordPress Webseite. Diese Systeme werden f\u00fcr die interne Kommunikation, das Dokumentenmanagement und die E-Mail-Korrespondenz verwendet.<\/p>\n\n\n\n<p><\/p>\n\n\n\n<p>Die Verarbeitung erfolgt auf Grundlage von Art. 6 Abs. 1 lit. f DSGVO (berechtigtes Interesse an einer effizienten und sicheren Verwaltung) oder Art. 6 Abs. 1 lit. b DSGVO (ggf. Vertragserf\u00fcllung).<\/p>\n\n\n\n<p><\/p>\n\n\n\n<p>Die Anbieter Microsoft Corporation und GoDaddy Operating Company, LLC, haben ihren Sitz in den USA. Die Daten\u00fcbermittlung erfolgt auf Grundlage der Standardvertragsklauseln (SCC) gem\u00e4\u00df Artikel 46 DSGVO, um ein angemessenes Datenschutzniveau sicherzustellen.<br>Weitere Informationen zu den Datenschutzbestimmungen dieser Anbieter finden Sie unter:<br>\u2022 Microsoft: <a href=\"https:\/\/privacy.microsoft.com\">https:\/\/privacy.microsoft.com<\/a><br>\u2022 GoDaddy: <a href=\"https:\/\/www.godaddy.com\/legal\/agreements\/privacy-policy\">https:\/\/www.godaddy.com\/legal\/agreements\/privacy-policy<\/a><\/p>\n\n\n\n<p><\/p>\n\n\n\n<h4 class=\"wp-block-heading\">4.1.2 Internationale Daten\u00fcbertragungen<\/h4>\n\n\n\n<p>Wenn personenbezogene Daten ausserhalb der EU\/des EWR oder Liechtensteins \u00fcbermittelt werden, stellen wir die Einhaltung der Artikel 44\u201350 DSGVO und der Artikel 33\u201336 DSG durch Schutzmechanismen wie Standardvertragsklauseln (SCCs) oder Angemessenheitsbeschl\u00fcsse sicher.<\/p>\n\n\n\n<p><\/p>\n\n\n\n<h2 class=\"wp-block-heading\">5.0 Ihre Rechte nach DSGVO und DSG<\/h2>\n\n\n\n<p>Wenn Sie die oben genannten Rechte geltend machen m\u00f6chten, wenden Sie sich bitte an: <a href=\"mailto:web@jonaroncharities.org\">web @ jonaroncharities.org<\/a><\/p>\n\n\n\n<p><\/p>\n\n\n\n<p>Wenn Sie der Ansicht sind, dass Ihre Datenschutzrechte verletzt wurden, haben Sie das Recht, bei unserem Datenschutzbeauftragten Beschwerde einzulegen: <a href=\"mailto:datenschutzbeauftragter@atu.li\">datenschutzbeauftragter @ atu.li<\/a> . Dar\u00fcber hinaus haben Sie das Recht, direkt bei der liechtensteinischen Datenschutzstelle Beschwerde einzulegen: <a href=\"https:\/\/www.datenschutzstelle.li\">https:\/\/www.datenschutzstelle.li<\/a> .<\/p>\n\n\n\n<p><\/p>\n\n\n\n<h2 class=\"wp-block-heading\">6.0 Richtlinienaktualisierungen<\/h2>\n\n\n\n<p><br>Wir behalten uns das Recht vor, diese Datenschutzrichtlinie im Einklang mit der DSGVO und dem liechtensteinischen DSG zu \u00e4ndern. \u00c4nderungen werden mit der Ver\u00f6ffentlichung wirksam.<\/p>\n","protected":false},"excerpt":{"rendered":"<p>Datenschutzrichtlinie Zuletzt aktualisiert: Februar 2025 Der Schutz Ihrer pers\u00f6nlichen Daten ist uns ein wichtiges Anliegen. Wir verarbeiten Ihre Daten ausschlie\u00dflich in \u00dcbereinstimmung mit der europ\u00e4ischen Datenschutz-Grundverordnung (DSGVO) und dem liechtensteinischen Datenschutzgesetz (DSG) sowie anderen anwendbaren Datenschutzgesetzen. Diese Datenschutzrichtlinie erl\u00e4utert, wie wir Ihre pers\u00f6nlichen Daten sammeln, verwenden und sch\u00fctzen, wenn Sie unsere Webseite besuchen oder \u00fcber [&hellip;]<\/p>\n","protected":false},"author":1,"featured_media":0,"parent":0,"menu_order":0,"comment_status":"closed","ping_status":"open","template":"","meta":{"_coblocks_attr":"","_coblocks_dimensions":"","_coblocks_responsive_height":"","_coblocks_accordion_ie_support":"","hide_page_title":"","footnotes":""},"class_list":["post-3","page","type-page","status-publish","hentry"],"translation":{"provider":"WPGlobus","version":"3.0.2","language":"de","enabled_languages":["en","de"],"languages":{"en":{"title":true,"content":true,"excerpt":false},"de":{"title":true,"content":true,"excerpt":false}}},"_links":{"self":[{"href":"https:\/\/jonaroncharities.org\/de\/wp-json\/wp\/v2\/pages\/3","targetHints":{"allow":["GET"]}}],"collection":[{"href":"https:\/\/jonaroncharities.org\/de\/wp-json\/wp\/v2\/pages"}],"about":[{"href":"https:\/\/jonaroncharities.org\/de\/wp-json\/wp\/v2\/types\/page"}],"author":[{"embeddable":true,"href":"https:\/\/jonaroncharities.org\/de\/wp-json\/wp\/v2\/users\/1"}],"replies":[{"embeddable":true,"href":"https:\/\/jonaroncharities.org\/de\/wp-json\/wp\/v2\/comments?post=3"}],"version-history":[{"count":19,"href":"https:\/\/jonaroncharities.org\/de\/wp-json\/wp\/v2\/pages\/3\/revisions"}],"predecessor-version":[{"id":285,"href":"https:\/\/jonaroncharities.org\/de\/wp-json\/wp\/v2\/pages\/3\/revisions\/285"}],"wp:attachment":[{"href":"https:\/\/jonaroncharities.org\/de\/wp-json\/wp\/v2\/media?parent=3"}],"curies":[{"name":"wp","href":"https:\/\/api.w.org\/{rel}","templated":true}]}}