{"id":10,"date":"2023-10-30T16:35:03","date_gmt":"2023-10-30T16:35:03","guid":{"rendered":"https:\/\/jonaroncharities.org\/home\/"},"modified":"2024-01-12T05:09:32","modified_gmt":"2024-01-12T05:09:32","slug":"home","status":"publish","type":"page","link":"https:\/\/jonaroncharities.org\/de\/","title":{"rendered":"Willkommen"},"content":{"rendered":"\n<figure class=\"wp-block-gallery alignfull has-nested-images columns-default is-cropped wp-block-gallery-1 is-layout-flex wp-block-gallery-is-layout-flex\">\n<figure class=\"wp-block-image size-large\"><img loading=\"lazy\" decoding=\"async\" width=\"1024\" height=\"683\" data-id=\"99\" src=\"https:\/\/jonaroncharities.org\/wp-content\/uploads\/2023\/11\/UpendoCBO-2160x1440-1-1024x683.jpg\" alt=\"\" class=\"wp-image-99\" srcset=\"https:\/\/jonaroncharities.org\/wp-content\/uploads\/2023\/11\/UpendoCBO-2160x1440-1-1024x683.jpg 1024w, https:\/\/jonaroncharities.org\/wp-content\/uploads\/2023\/11\/UpendoCBO-2160x1440-1-300x200.jpg 300w, https:\/\/jonaroncharities.org\/wp-content\/uploads\/2023\/11\/UpendoCBO-2160x1440-1-768x512.jpg 768w, https:\/\/jonaroncharities.org\/wp-content\/uploads\/2023\/11\/UpendoCBO-2160x1440-1-1536x1024.jpg 1536w, https:\/\/jonaroncharities.org\/wp-content\/uploads\/2023\/11\/UpendoCBO-2160x1440-1-2048x1365.jpg 2048w\" sizes=\"auto, (max-width: 1024px) 100vw, 1024px\" \/><\/figure>\n\n\n\n<figure class=\"wp-block-image size-large\"><img loading=\"lazy\" decoding=\"async\" width=\"1024\" height=\"576\" data-id=\"196\" src=\"https:\/\/jonaroncharities.org\/wp-content\/uploads\/2023\/12\/PBSNS-Yeesang-Prep-2160x1214-1-1024x576.jpg\" alt=\"\" class=\"wp-image-196\" srcset=\"https:\/\/jonaroncharities.org\/wp-content\/uploads\/2023\/12\/PBSNS-Yeesang-Prep-2160x1214-1-1024x576.jpg 1024w, https:\/\/jonaroncharities.org\/wp-content\/uploads\/2023\/12\/PBSNS-Yeesang-Prep-2160x1214-1-300x169.jpg 300w, https:\/\/jonaroncharities.org\/wp-content\/uploads\/2023\/12\/PBSNS-Yeesang-Prep-2160x1214-1-768x432.jpg 768w, https:\/\/jonaroncharities.org\/wp-content\/uploads\/2023\/12\/PBSNS-Yeesang-Prep-2160x1214-1-1536x863.jpg 1536w, https:\/\/jonaroncharities.org\/wp-content\/uploads\/2023\/12\/PBSNS-Yeesang-Prep-2160x1214-1-2048x1151.jpg 2048w\" sizes=\"auto, (max-width: 1024px) 100vw, 1024px\" \/><\/figure>\n<\/figure>\n\n\n\n<div class=\"wp-block-columns alignwide is-layout-flex wp-container-core-columns-is-layout-9d6595d7 wp-block-columns-is-layout-flex\">\n<div class=\"wp-block-column is-layout-flow wp-block-column-is-layout-flow\" style=\"flex-basis:50%\">\n<p style=\"padding-right:var(--wp--preset--spacing--60);padding-left:var(--wp--preset--spacing--60)\">Die Jonaron Charities Foundation ist eine im Jahr 2023 in Liechtenstein eingetragene gemeinn\u00fctzige Stiftung. Ihre gemeinn\u00fctzigen Aktivit\u00e4ten wurden zuvor von einer privaten Familienstiftung durchgef\u00fchrt, die seit \u00fcber 30 Jahren gemeinn\u00fctzige Mittel bereitstellte, um den weniger Gl\u00fccklichen in Regionen zu helfen, in denen der Gr\u00fcnder und seine Familie gelebt haben oder gesch\u00e4ftlich t\u00e4tig \u2013 insbesondere in Malaysia, Singapur und Ostafrika. In Ostafrika erw\u00e4gen wir derzeit nur die Finanzierung f\u00f6rderf\u00e4higer Projekte und Programme in Kenia und Uganda. Wohlt\u00e4tige Mittel werden berechtigten Antragstellern haupts\u00e4chlich in Form von Gro\u00dfzusch\u00fcssen f\u00fcr die Entwicklung der Infrastruktur, den Kauf von Ausr\u00fcstung oder Programm- und Betriebsausgaben zur Unterst\u00fctzung der Mission einer Wohlt\u00e4tigkeitsorganisation bereitgestellt. Zuschussantr\u00e4ge werden vom Wohlt\u00e4tigkeitsausschuss und dem Vorstand der Stiftung gepr\u00fcft und m\u00fcssen genehmigt werden.<\/p>\n<\/div>\n\n\n\n<div class=\"wp-block-column is-layout-flow wp-block-column-is-layout-flow\" style=\"flex-basis:50%\">\n<p class=\"has-text-align-center has-tertiary-background-color has-background has-medium-font-size\" style=\"padding-right:var(--wp--preset--spacing--50);padding-left:var(--wp--preset--spacing--50)\">Die Mission der Jonaron Charities Foundation besteht darin, Benachteiligte zu unterst\u00fctzen und sie zu bef\u00e4higen, ihre Gesundheit zu verbessern, den Hunger zu beenden und Not zu \u00fcberwinden.<\/p>\n<\/div>\n<\/div>\n\n\n\n<div aria-label=\"Carousel Gallery\" class=\"wp-block-coblocks-gallery-carousel alignfull\"><div class=\"coblocks-gallery-carousel-swiper-container is-cropped coblocks-gallery has-caption-style-dark has-horizontal-gutter has-no-thumbnails\"><div class=\"has-carousel has-carousel-lrg swiper-container\" data-swiper=\"{&quot;alignCells&quot;:false,&quot;autoPlay&quot;:true,&quot;autoPlaySpeed&quot;:3000,&quot;draggable&quot;:false,&quot;freeMode&quot;:false,&quot;loop&quot;:false,&quot;navigation&quot;:true,&quot;pageDots&quot;:false,&quot;pauseHover&quot;:false,&quot;responsiveHeight&quot;:false,&quot;slidesPerView&quot;:2,&quot;thumbnails&quot;:false,&quot;uuid&quot;:&quot;12345&quot;}\" style=\"height:400px\"><div class=\"swiper-wrapper\"><div class=\"swiper-slide\"><div class=\"coblocks-gallery--item\" role=\"button\" tabindex=\"0\"><figure class=\"coblocks-gallery--figure has-margin-left-5 has-margin-left-mobile-5 has-margin-right-5 has-margin-right-mobile-5\"><img loading=\"lazy\" decoding=\"async\" width=\"1024\" height=\"648\" alt=\"\" class=\"wp-image-7\" data-id=\"7\" data-link=\"https:\/\/jonaroncharities.org\/qtq70fmfjpeg-3\/\" src=\"https:\/\/jonaroncharities.org\/wp-content\/uploads\/2023\/10\/qtq70fmfjpeg-3-1024x648.jpg\" srcset=\"https:\/\/jonaroncharities.org\/wp-content\/uploads\/2023\/10\/qtq70fmfjpeg-3-1024x648.jpg 1024w, https:\/\/jonaroncharities.org\/wp-content\/uploads\/2023\/10\/qtq70fmfjpeg-3-300x190.jpg 300w, https:\/\/jonaroncharities.org\/wp-content\/uploads\/2023\/10\/qtq70fmfjpeg-3-768x486.jpg 768w, https:\/\/jonaroncharities.org\/wp-content\/uploads\/2023\/10\/qtq70fmfjpeg-3.jpg 1287w\" sizes=\"auto, (max-width: 1024px) 100vw, 1024px\" \/><\/figure><figcaption class=\"coblocks-gallery--caption coblocks-gallery--primary-caption\"><\/figcaption><\/div><\/div><div class=\"swiper-slide\"><div class=\"coblocks-gallery--item\" role=\"button\" tabindex=\"1\"><figure class=\"coblocks-gallery--figure has-margin-left-5 has-margin-left-mobile-5 has-margin-right-5 has-margin-right-mobile-5\"><img loading=\"lazy\" decoding=\"async\" width=\"1024\" height=\"683\" alt=\"\" class=\"wp-image-195\" data-id=\"195\" data-link=\"https:\/\/jonaroncharities.org\/home\/hch-fmsa-schoolmealdist-2160x1440\/\" src=\"https:\/\/jonaroncharities.org\/wp-content\/uploads\/2023\/12\/HCH-FMSA-SchoolMealDist-2160x1440-1-1024x683.jpg\" srcset=\"https:\/\/jonaroncharities.org\/wp-content\/uploads\/2023\/12\/HCH-FMSA-SchoolMealDist-2160x1440-1-1024x683.jpg 1024w, https:\/\/jonaroncharities.org\/wp-content\/uploads\/2023\/12\/HCH-FMSA-SchoolMealDist-2160x1440-1-300x200.jpg 300w, https:\/\/jonaroncharities.org\/wp-content\/uploads\/2023\/12\/HCH-FMSA-SchoolMealDist-2160x1440-1-768x512.jpg 768w, https:\/\/jonaroncharities.org\/wp-content\/uploads\/2023\/12\/HCH-FMSA-SchoolMealDist-2160x1440-1-1536x1024.jpg 1536w, https:\/\/jonaroncharities.org\/wp-content\/uploads\/2023\/12\/HCH-FMSA-SchoolMealDist-2160x1440-1-2048x1365.jpg 2048w\" sizes=\"auto, (max-width: 1024px) 100vw, 1024px\" \/><\/figure><figcaption class=\"coblocks-gallery--caption coblocks-gallery--primary-caption\"><\/figcaption><\/div><\/div><div class=\"swiper-slide\"><div class=\"coblocks-gallery--item\" role=\"button\" tabindex=\"2\"><figure class=\"coblocks-gallery--figure has-margin-left-5 has-margin-left-mobile-5 has-margin-right-5 has-margin-right-mobile-5\"><img loading=\"lazy\" decoding=\"async\" width=\"1024\" height=\"683\" alt=\"\" class=\"wp-image-6\" data-id=\"6\" data-link=\"https:\/\/jonaroncharities.org\/qtq70fmfjpeg-2\/\" src=\"https:\/\/jonaroncharities.org\/wp-content\/uploads\/2023\/10\/qtq70fmfjpeg-2-1024x683.jpg\" srcset=\"https:\/\/jonaroncharities.org\/wp-content\/uploads\/2023\/10\/qtq70fmfjpeg-2-1024x683.jpg 1024w, https:\/\/jonaroncharities.org\/wp-content\/uploads\/2023\/10\/qtq70fmfjpeg-2-300x200.jpg 300w, https:\/\/jonaroncharities.org\/wp-content\/uploads\/2023\/10\/qtq70fmfjpeg-2-768x512.jpg 768w, https:\/\/jonaroncharities.org\/wp-content\/uploads\/2023\/10\/qtq70fmfjpeg-2-1536x1024.jpg 1536w, https:\/\/jonaroncharities.org\/wp-content\/uploads\/2023\/10\/qtq70fmfjpeg-2-2048x1365.jpg 2048w\" sizes=\"auto, (max-width: 1024px) 100vw, 1024px\" \/><\/figure><figcaption class=\"coblocks-gallery--caption coblocks-gallery--primary-caption\"><\/figcaption><\/div><\/div><div class=\"swiper-slide\"><div class=\"coblocks-gallery--item\" role=\"button\" tabindex=\"3\"><figure class=\"coblocks-gallery--figure has-margin-left-5 has-margin-left-mobile-5 has-margin-right-5 has-margin-right-mobile-5\"><img loading=\"lazy\" decoding=\"async\" width=\"1024\" height=\"683\" alt=\"\" class=\"wp-image-100\" data-id=\"100\" data-link=\"https:\/\/jonaroncharities.org\/home\/nairobislum-waterdistrib-1260x1440-1\/\" src=\"https:\/\/jonaroncharities.org\/wp-content\/uploads\/2023\/11\/NairobiSlum-WaterDistrib-1260x1440-1-1024x683.jpg\" srcset=\"https:\/\/jonaroncharities.org\/wp-content\/uploads\/2023\/11\/NairobiSlum-WaterDistrib-1260x1440-1-1024x683.jpg 1024w, https:\/\/jonaroncharities.org\/wp-content\/uploads\/2023\/11\/NairobiSlum-WaterDistrib-1260x1440-1-300x200.jpg 300w, https:\/\/jonaroncharities.org\/wp-content\/uploads\/2023\/11\/NairobiSlum-WaterDistrib-1260x1440-1-768x512.jpg 768w, https:\/\/jonaroncharities.org\/wp-content\/uploads\/2023\/11\/NairobiSlum-WaterDistrib-1260x1440-1-1536x1024.jpg 1536w, https:\/\/jonaroncharities.org\/wp-content\/uploads\/2023\/11\/NairobiSlum-WaterDistrib-1260x1440-1-2048x1365.jpg 2048w\" sizes=\"auto, (max-width: 1024px) 100vw, 1024px\" \/><\/figure><figcaption class=\"coblocks-gallery--caption coblocks-gallery--primary-caption\"><\/figcaption><\/div><\/div><\/div><button class=\"nav-button__prev\" id=\"12345-prev\"><svg class=\"icon\" style=\"transform:rotate(180deg)\"><\/svg><\/button><button class=\"nav-button__next\" id=\"12345-next\"><svg class=\"icon\"><\/svg><\/button><\/div><\/div><\/div>\n","protected":false},"excerpt":{"rendered":"<p>Die Jonaron Charities Foundation ist eine im Jahr 2023 in Liechtenstein eingetragene gemeinn\u00fctzige Stiftung. Ihre gemeinn\u00fctzigen Aktivit\u00e4ten wurden zuvor von einer privaten Familienstiftung durchgef\u00fchrt, die seit \u00fcber 30 Jahren gemeinn\u00fctzige Mittel bereitstellte, um den weniger Gl\u00fccklichen in Regionen zu helfen, in denen der Gr\u00fcnder und seine Familie gelebt haben oder gesch\u00e4ftlich t\u00e4tig \u2013 insbesondere in [&hellip;]<\/p>\n","protected":false},"author":1,"featured_media":0,"parent":0,"menu_order":0,"comment_status":"closed","ping_status":"closed","template":"","meta":{"_coblocks_attr":"","_coblocks_dimensions":"","_coblocks_responsive_height":"","_coblocks_accordion_ie_support":"","hide_page_title":"","footnotes":""},"class_list":["post-10","page","type-page","status-publish","hentry"],"translation":{"provider":"WPGlobus","version":"3.0.2","language":"de","enabled_languages":["en","de"],"languages":{"en":{"title":true,"content":true,"excerpt":false},"de":{"title":true,"content":true,"excerpt":false}}},"_links":{"self":[{"href":"https:\/\/jonaroncharities.org\/de\/wp-json\/wp\/v2\/pages\/10","targetHints":{"allow":["GET"]}}],"collection":[{"href":"https:\/\/jonaroncharities.org\/de\/wp-json\/wp\/v2\/pages"}],"about":[{"href":"https:\/\/jonaroncharities.org\/de\/wp-json\/wp\/v2\/types\/page"}],"author":[{"embeddable":true,"href":"https:\/\/jonaroncharities.org\/de\/wp-json\/wp\/v2\/users\/1"}],"replies":[{"embeddable":true,"href":"https:\/\/jonaroncharities.org\/de\/wp-json\/wp\/v2\/comments?post=10"}],"version-history":[{"count":36,"href":"https:\/\/jonaroncharities.org\/de\/wp-json\/wp\/v2\/pages\/10\/revisions"}],"predecessor-version":[{"id":237,"href":"https:\/\/jonaroncharities.org\/de\/wp-json\/wp\/v2\/pages\/10\/revisions\/237"}],"wp:attachment":[{"href":"https:\/\/jonaroncharities.org\/de\/wp-json\/wp\/v2\/media?parent=10"}],"curies":[{"name":"wp","href":"https:\/\/api.w.org\/{rel}","templated":true}]}}